{"id":5338,"date":"2022-03-01T23:19:27","date_gmt":"2022-03-01T23:19:27","guid":{"rendered":"https:\/\/vidaandina.com\/web\/?post_type=product&#038;p=5338"},"modified":"2024-06-15T10:26:38","modified_gmt":"2024-06-15T10:26:38","slug":"the-gummies-mega-multi-gomitas","status":"publish","type":"product","link":"https:\/\/vidaandinaperu.com\/es\/productos\/the-gummies-mega-multi-gomitas\/","title":{"rendered":"The Gummies Mega Multi (100 Gomitas)"},"content":{"rendered":"<p>Gomitas en forma de osito veganas con sabor a frambuesa hechas a base de pectina y mas de 20 vitaminas y minerales para que tu ni\u00f1o tenga un mejor desarrollo f\u00edsico, intelectual y siempre est\u00e9 lleno de energ\u00eda.<\/p>\n<h5>Uso:<\/h5>\n<ul>\n<li>Se recomienda consumir de 1 a 3 gomitas durante el d\u00eda. Ni\u00f1os de 1 a 3 a\u00f1os : 1 gomitas masticables. Ni\u00f1os de 4 a 8 a\u00f1os : 2 gomitas masticables. Ni\u00f1os de 9 a 13 a\u00f1os :3 gomitas masticables.<\/li>\n<\/ul>\n<h5>Beneficios:<\/h5>\n<ul>\n<li>Ayuda a mejorar la memoria.<\/li>\n<li>Aumenta los niveles de energ\u00eda y evita la fatiga y cansancio.<\/li>\n<li>Apoya el funcionamiento del sistema inmunol\u00f3gico.<\/li>\n<li>Potente soporte antioxidante para ayudar a combatir los radicales libres que da\u00f1an las c\u00e9lulas.<\/li>\n<li>Favorece el crecimiento y desarrollo infantil.<\/li>\n<\/ul>\n","protected":false},"excerpt":{"rendered":"<p>Gomitas en forma de osito veganas con sabor a frambuesa hechas a base de pectina y mas de 20 vitaminas y minerales para que tu&#8230;<\/p>\n","protected":false},"featured_media":5422,"comment_status":"open","ping_status":"closed","template":"","meta":{"inline_featured_image":false,"_joinchat":[]},"etheme_brands":[],"product_brand":[],"product_cat":[15,37,43],"product_tag":[],"class_list":{"0":"post-5338","1":"product","2":"type-product","3":"status-publish","4":"has-post-thumbnail","6":"product_cat-lacteos-vegetales","7":"product_cat-capsulas","8":"product_cat-vitaminas-suplementos","10":"first","11":"outofstock","12":"taxable","13":"shipping-taxable","14":"purchasable","15":"product-type-simple"},"acf":[],"_links":{"self":[{"href":"https:\/\/vidaandinaperu.com\/es\/wp-json\/wp\/v2\/product\/5338","targetHints":{"allow":["GET"]}}],"collection":[{"href":"https:\/\/vidaandinaperu.com\/es\/wp-json\/wp\/v2\/product"}],"about":[{"href":"https:\/\/vidaandinaperu.com\/es\/wp-json\/wp\/v2\/types\/product"}],"replies":[{"embeddable":true,"href":"https:\/\/vidaandinaperu.com\/es\/wp-json\/wp\/v2\/comments?post=5338"}],"version-history":[{"count":1,"href":"https:\/\/vidaandinaperu.com\/es\/wp-json\/wp\/v2\/product\/5338\/revisions"}],"predecessor-version":[{"id":8004,"href":"https:\/\/vidaandinaperu.com\/es\/wp-json\/wp\/v2\/product\/5338\/revisions\/8004"}],"wp:featuredmedia":[{"embeddable":true,"href":"https:\/\/vidaandinaperu.com\/es\/wp-json\/wp\/v2\/media\/5422"}],"wp:attachment":[{"href":"https:\/\/vidaandinaperu.com\/es\/wp-json\/wp\/v2\/media?parent=5338"}],"wp:term":[{"taxonomy":"brand","embeddable":true,"href":"https:\/\/vidaandinaperu.com\/es\/wp-json\/wp\/v2\/etheme_brands?post=5338"},{"taxonomy":"product_brand","embeddable":true,"href":"https:\/\/vidaandinaperu.com\/es\/wp-json\/wp\/v2\/product_brand?post=5338"},{"taxonomy":"product_cat","embeddable":true,"href":"https:\/\/vidaandinaperu.com\/es\/wp-json\/wp\/v2\/product_cat?post=5338"},{"taxonomy":"product_tag","embeddable":true,"href":"https:\/\/vidaandinaperu.com\/es\/wp-json\/wp\/v2\/product_tag?post=5338"}],"curies":[{"name":"wp","href":"https:\/\/api.w.org\/{rel}","templated":true}]}}