{"id":5336,"date":"2022-03-01T23:17:08","date_gmt":"2022-03-01T23:17:08","guid":{"rendered":"https:\/\/vidaandina.com\/web\/?post_type=product&#038;p=5336"},"modified":"2024-06-15T09:42:25","modified_gmt":"2024-06-15T09:42:25","slug":"the-gummies-propolio-echinacea-gomitas","status":"publish","type":"product","link":"https:\/\/vidaandinaperu.com\/es\/productos\/the-gummies-propolio-echinacea-gomitas\/","title":{"rendered":"The Gummies Propolio &#038; Echinacea para ni\u00f1os (100 Gomitas)"},"content":{"rendered":"<p>Gomitas 100% natural, hechos a base de pectina de c\u00edtricos, apto para veganos y vegetarianos, sin gluten, sin lactosa, sin preservantes y conservantes artificiales, sin gelatina.<\/p>\n<h5>Contenido:<\/h5>\n<p>Contiene extracto de echin\u00e1cea 200 mg, sauco 100 mg, extracto de propolio 50 mg, vitamina C 35 mg.<\/p>\n<h5>Uso:<\/h5>\n<ul>\n<li>Ingerir 1 a 3 gomitas durante el d\u00eda.<\/li>\n<li>Dosis por edad: 1 a 3 a\u00f1os: 1 gomita &#8211; 4 a 8 a\u00f1os: 2 gomitas &#8211; 9 a 13 a\u00f1os: 3 gomitas.<\/li>\n<\/ul>\n<p><strong>&#8211;\u00a0CONDICIONES DE CONSERVACI\u00d3N:<\/strong><\/p>\n<p>Conservar el frasco en un lugar fresco y seco, sin exposici\u00f3n a los rayos solares. Mantener lejos del alcance de los ni\u00f1os.<\/p>\n<h5>Beneficios:<\/h5>\n<ul>\n<li>Antibi\u00f3tica y antif\u00fangica.<\/li>\n<li>Ayuda a prevenir o aliviar los s\u00edntomas del resfriado y la gripe.<\/li>\n<li>Ayuda a limitar la duraci\u00f3n y la gravedad de los dolores de garganta y otras infecciones.<\/li>\n<li>Favoreca el buen funcionamiento del sistema inmunol\u00f3gico y lo refuerza.<\/li>\n<\/ul>\n","protected":false},"excerpt":{"rendered":"<p>Gomitas 100% natural, hechos a base de pectina de c\u00edtricos, apto para veganos y vegetarianos, sin gluten, sin lactosa, sin preservantes y conservantes artificiales, sin&#8230;<\/p>\n","protected":false},"featured_media":5423,"comment_status":"open","ping_status":"closed","template":"","meta":{"inline_featured_image":false,"_joinchat":[]},"etheme_brands":[],"product_brand":[],"product_cat":[37,43],"product_tag":[],"class_list":{"0":"post-5336","1":"product","2":"type-product","3":"status-publish","4":"has-post-thumbnail","6":"product_cat-capsulas","7":"product_cat-vitaminas-suplementos","9":"first","10":"outofstock","11":"taxable","12":"shipping-taxable","13":"purchasable","14":"product-type-simple"},"acf":[],"_links":{"self":[{"href":"https:\/\/vidaandinaperu.com\/es\/wp-json\/wp\/v2\/product\/5336","targetHints":{"allow":["GET"]}}],"collection":[{"href":"https:\/\/vidaandinaperu.com\/es\/wp-json\/wp\/v2\/product"}],"about":[{"href":"https:\/\/vidaandinaperu.com\/es\/wp-json\/wp\/v2\/types\/product"}],"replies":[{"embeddable":true,"href":"https:\/\/vidaandinaperu.com\/es\/wp-json\/wp\/v2\/comments?post=5336"}],"version-history":[{"count":1,"href":"https:\/\/vidaandinaperu.com\/es\/wp-json\/wp\/v2\/product\/5336\/revisions"}],"predecessor-version":[{"id":8003,"href":"https:\/\/vidaandinaperu.com\/es\/wp-json\/wp\/v2\/product\/5336\/revisions\/8003"}],"wp:featuredmedia":[{"embeddable":true,"href":"https:\/\/vidaandinaperu.com\/es\/wp-json\/wp\/v2\/media\/5423"}],"wp:attachment":[{"href":"https:\/\/vidaandinaperu.com\/es\/wp-json\/wp\/v2\/media?parent=5336"}],"wp:term":[{"taxonomy":"brand","embeddable":true,"href":"https:\/\/vidaandinaperu.com\/es\/wp-json\/wp\/v2\/etheme_brands?post=5336"},{"taxonomy":"product_brand","embeddable":true,"href":"https:\/\/vidaandinaperu.com\/es\/wp-json\/wp\/v2\/product_brand?post=5336"},{"taxonomy":"product_cat","embeddable":true,"href":"https:\/\/vidaandinaperu.com\/es\/wp-json\/wp\/v2\/product_cat?post=5336"},{"taxonomy":"product_tag","embeddable":true,"href":"https:\/\/vidaandinaperu.com\/es\/wp-json\/wp\/v2\/product_tag?post=5336"}],"curies":[{"name":"wp","href":"https:\/\/api.w.org\/{rel}","templated":true}]}}