{"id":5332,"date":"2022-03-01T23:10:11","date_gmt":"2022-03-01T23:10:11","guid":{"rendered":"https:\/\/vidaandina.com\/web\/?post_type=product&#038;p=5332"},"modified":"2024-04-16T10:49:42","modified_gmt":"2024-04-16T10:49:42","slug":"yacon-capsulas-amazon-andes","status":"publish","type":"product","link":"https:\/\/vidaandinaperu.com\/es\/productos\/yacon-capsulas-amazon-andes\/","title":{"rendered":"Yac\u00f3n en c\u00e1psulas (100&#215;500 mg) Amazon Andes"},"content":{"rendered":"<h5>Contenido:<\/h5>\n<p>100% de hojas de yac\u00f3n en polvo y c\u00e1psulas vegetales.<\/p>\n<h5>Uso:<\/h5>\n<p>Adultos: Consumir 2-3 c\u00e1psulas antes o con la comida.<\/p>\n<h5>Beneficios:<\/h5>\n<ul>\n<li>Reduce la concentraci\u00f3n de la glucosa en la sangre.<\/li>\n<li>Favorece la\u00a0digesti\u00f3n y la limpieza del colon.<\/li>\n<li>Contribuye a disminuir el apetito.<\/li>\n<li>Efecto antioxidante, acci\u00f3n\u00a0antienvejecimiento.<\/li>\n<\/ul>\n","protected":false},"excerpt":{"rendered":"<p>Contenido: 100% de hojas de yac\u00f3n en polvo y c\u00e1psulas vegetales. Uso: Adultos: Consumir 2-3 c\u00e1psulas antes o con la comida. Beneficios: Reduce la concentraci\u00f3n&#8230;<\/p>\n","protected":false},"featured_media":5428,"comment_status":"open","ping_status":"closed","template":"","meta":{"inline_featured_image":false,"_joinchat":[]},"etheme_brands":[],"product_brand":[],"product_cat":[37,43],"product_tag":[],"class_list":{"0":"post-5332","1":"product","2":"type-product","3":"status-publish","4":"has-post-thumbnail","6":"product_cat-capsulas","7":"product_cat-vitaminas-suplementos","9":"first","10":"outofstock","11":"taxable","12":"shipping-taxable","13":"purchasable","14":"product-type-simple"},"acf":[],"_links":{"self":[{"href":"https:\/\/vidaandinaperu.com\/es\/wp-json\/wp\/v2\/product\/5332","targetHints":{"allow":["GET"]}}],"collection":[{"href":"https:\/\/vidaandinaperu.com\/es\/wp-json\/wp\/v2\/product"}],"about":[{"href":"https:\/\/vidaandinaperu.com\/es\/wp-json\/wp\/v2\/types\/product"}],"replies":[{"embeddable":true,"href":"https:\/\/vidaandinaperu.com\/es\/wp-json\/wp\/v2\/comments?post=5332"}],"version-history":[{"count":1,"href":"https:\/\/vidaandinaperu.com\/es\/wp-json\/wp\/v2\/product\/5332\/revisions"}],"predecessor-version":[{"id":8001,"href":"https:\/\/vidaandinaperu.com\/es\/wp-json\/wp\/v2\/product\/5332\/revisions\/8001"}],"wp:featuredmedia":[{"embeddable":true,"href":"https:\/\/vidaandinaperu.com\/es\/wp-json\/wp\/v2\/media\/5428"}],"wp:attachment":[{"href":"https:\/\/vidaandinaperu.com\/es\/wp-json\/wp\/v2\/media?parent=5332"}],"wp:term":[{"taxonomy":"brand","embeddable":true,"href":"https:\/\/vidaandinaperu.com\/es\/wp-json\/wp\/v2\/etheme_brands?post=5332"},{"taxonomy":"product_brand","embeddable":true,"href":"https:\/\/vidaandinaperu.com\/es\/wp-json\/wp\/v2\/product_brand?post=5332"},{"taxonomy":"product_cat","embeddable":true,"href":"https:\/\/vidaandinaperu.com\/es\/wp-json\/wp\/v2\/product_cat?post=5332"},{"taxonomy":"product_tag","embeddable":true,"href":"https:\/\/vidaandinaperu.com\/es\/wp-json\/wp\/v2\/product_tag?post=5332"}],"curies":[{"name":"wp","href":"https:\/\/api.w.org\/{rel}","templated":true}]}}