{"id":5330,"date":"2022-03-01T23:06:37","date_gmt":"2022-03-01T23:06:37","guid":{"rendered":"https:\/\/vidaandina.com\/web\/?post_type=product&#038;p=5330"},"modified":"2025-08-18T21:39:56","modified_gmt":"2025-08-18T21:39:56","slug":"digestissimo-plameca","status":"publish","type":"product","link":"https:\/\/vidaandinaperu.com\/es\/productos\/digestissimo-plameca\/","title":{"rendered":"Digest\u00edssimoh! (30 caps.) &#8211; Plameca"},"content":{"rendered":"<p>Digest\u00edssimoh! es la f\u00f3rmula m\u00e1s completa de Plameca para ayudar con las digestiones pesadas y la acidez. Contiene enzimas digestivas, probi\u00f3ticos, plantas medicinales y sales b\u00e1sicas para proteger todo el tracto gastrointestinal.<\/p>\n<h5>Contenido:<\/h5>\n<p>Combina dos tipos de enzimas digestivas, obtenidas de la fermentaci\u00f3n del arroz y las proteasas; coral marino, jengibre (kion) y probi\u00f3ticos.<\/p>\n<h5>Uso:<\/h5>\n<ul>\n<li>Se recomienda consumir 1 c\u00e1psula al d\u00eda.<\/li>\n<\/ul>\n<h5>Beneficios:<\/h5>\n<ul>\n<li>Facilita la digesti\u00f3n.<\/li>\n<li>Digiere la prote\u00edna transform\u00e1ndola en amino\u00e1cidos.<\/li>\n<li>Restaura y conserva la flora intestinal.<\/li>\n<li>Combate la acidez estomacal.<\/li>\n<li>\u00datil en caso de gastritis, flatulencias o diarrea, entre otros.<\/li>\n<\/ul>\n","protected":false},"excerpt":{"rendered":"<p>Digest\u00edssimoh! es la f\u00f3rmula m\u00e1s completa de Plameca para ayudar con las digestiones pesadas y la acidez. Contiene enzimas digestivas, probi\u00f3ticos, plantas medicinales y sales&#8230;<\/p>\n","protected":false},"featured_media":5400,"comment_status":"open","ping_status":"closed","template":"","meta":{"inline_featured_image":false,"_joinchat":[]},"etheme_brands":[],"product_brand":[],"product_cat":[43,37],"product_tag":[],"class_list":{"0":"post-5330","1":"product","2":"type-product","3":"status-publish","4":"has-post-thumbnail","6":"product_cat-vitaminas-suplementos","7":"product_cat-capsulas","9":"first","10":"outofstock","11":"taxable","12":"shipping-taxable","13":"purchasable","14":"product-type-simple"},"acf":[],"_links":{"self":[{"href":"https:\/\/vidaandinaperu.com\/es\/wp-json\/wp\/v2\/product\/5330","targetHints":{"allow":["GET"]}}],"collection":[{"href":"https:\/\/vidaandinaperu.com\/es\/wp-json\/wp\/v2\/product"}],"about":[{"href":"https:\/\/vidaandinaperu.com\/es\/wp-json\/wp\/v2\/types\/product"}],"replies":[{"embeddable":true,"href":"https:\/\/vidaandinaperu.com\/es\/wp-json\/wp\/v2\/comments?post=5330"}],"version-history":[{"count":2,"href":"https:\/\/vidaandinaperu.com\/es\/wp-json\/wp\/v2\/product\/5330\/revisions"}],"predecessor-version":[{"id":8000,"href":"https:\/\/vidaandinaperu.com\/es\/wp-json\/wp\/v2\/product\/5330\/revisions\/8000"}],"wp:featuredmedia":[{"embeddable":true,"href":"https:\/\/vidaandinaperu.com\/es\/wp-json\/wp\/v2\/media\/5400"}],"wp:attachment":[{"href":"https:\/\/vidaandinaperu.com\/es\/wp-json\/wp\/v2\/media?parent=5330"}],"wp:term":[{"taxonomy":"brand","embeddable":true,"href":"https:\/\/vidaandinaperu.com\/es\/wp-json\/wp\/v2\/etheme_brands?post=5330"},{"taxonomy":"product_brand","embeddable":true,"href":"https:\/\/vidaandinaperu.com\/es\/wp-json\/wp\/v2\/product_brand?post=5330"},{"taxonomy":"product_cat","embeddable":true,"href":"https:\/\/vidaandinaperu.com\/es\/wp-json\/wp\/v2\/product_cat?post=5330"},{"taxonomy":"product_tag","embeddable":true,"href":"https:\/\/vidaandinaperu.com\/es\/wp-json\/wp\/v2\/product_tag?post=5330"}],"curies":[{"name":"wp","href":"https:\/\/api.w.org\/{rel}","templated":true}]}}