{"id":5321,"date":"2022-03-01T22:50:32","date_gmt":"2022-03-01T22:50:32","guid":{"rendered":"https:\/\/vidaandina.com\/web\/?post_type=product&#038;p=5321"},"modified":"2025-08-18T21:45:27","modified_gmt":"2025-08-18T21:45:27","slug":"niacin-vitamina-b3","status":"publish","type":"product","link":"https:\/\/vidaandinaperu.com\/es\/productos\/niacin-vitamina-b3\/","title":{"rendered":"Niacin 500 mg (Vitamina b3) &#8211; Sundown Naturals"},"content":{"rendered":"<p>Tambi\u00e9n conocida como \u00e1cido nicot\u00ednico, vitamina B3 o PP.<\/p>\n<h5>Contenido:<\/h5>\n<p>Contiene Niacina 500 mg y Calcio 106 mg.<\/p>\n<h5>Uso:<\/h5>\n<ul>\n<li>Se recomienda consumir 1 tableta con un vaso con agua preferiblemente con las comidas .<\/li>\n<\/ul>\n<h5>Beneficios:<\/h5>\n<div class=\"row\">\n<div class=\"col-lg-12 col-sm-12 col-md-12 col-xs-12\">\n<div class=\"mostrar_tap\">\n<div class=\"tab-content\">\n<div id=\"beneficios2\" class=\"tab-pane active\" role=\"tabpanel\">\n<ul>\n<li>Genera energ\u00eda al organismo.<\/li>\n<li>Favorece la salud cardiovascular<\/li>\n<li>Disminuye los niveles de colesterol y los triglic\u00e9ridos.<\/li>\n<li>Coadyuvante en la prevenci\u00f3n de cardiopat\u00edas, ataques al coraz\u00f3n y derrames cerebrales.<\/li>\n<li>Permite el correcto funcionamiento del sistema nervioso y la funci\u00f3n cerebral.<\/li>\n<li>\u00datil en caso de esquizofrenia y Alzheimer.<\/li>\n<li>Previene y alivia las migra\u00f1as, la pelagra.<\/li>\n<li>Evita los v\u00e9rtigos y mareos.<\/li>\n<li>Desintoxica al organismo del alcohol y las drogas.<\/li>\n<\/ul>\n<\/div>\n<\/div>\n<\/div>\n<\/div>\n<\/div>\n<div class=\"row\">\n<div class=\"item\"><\/div>\n<\/div>\n","protected":false},"excerpt":{"rendered":"<p>Tambi\u00e9n conocida como \u00e1cido nicot\u00ednico, vitamina B3 o PP. Contenido: Contiene Niacina 500 mg y Calcio 106 mg. Uso: Se recomienda consumir 1 tableta con&#8230;<\/p>\n","protected":false},"featured_media":5412,"comment_status":"open","ping_status":"closed","template":"","meta":{"inline_featured_image":false,"_joinchat":[]},"etheme_brands":[],"product_brand":[],"product_cat":[37,43],"product_tag":[],"class_list":{"0":"post-5321","1":"product","2":"type-product","3":"status-publish","4":"has-post-thumbnail","6":"product_cat-capsulas","7":"product_cat-vitaminas-suplementos","9":"first","10":"outofstock","11":"taxable","12":"shipping-taxable","13":"purchasable","14":"product-type-simple"},"acf":[],"_links":{"self":[{"href":"https:\/\/vidaandinaperu.com\/es\/wp-json\/wp\/v2\/product\/5321","targetHints":{"allow":["GET"]}}],"collection":[{"href":"https:\/\/vidaandinaperu.com\/es\/wp-json\/wp\/v2\/product"}],"about":[{"href":"https:\/\/vidaandinaperu.com\/es\/wp-json\/wp\/v2\/types\/product"}],"replies":[{"embeddable":true,"href":"https:\/\/vidaandinaperu.com\/es\/wp-json\/wp\/v2\/comments?post=5321"}],"version-history":[{"count":1,"href":"https:\/\/vidaandinaperu.com\/es\/wp-json\/wp\/v2\/product\/5321\/revisions"}],"predecessor-version":[{"id":7995,"href":"https:\/\/vidaandinaperu.com\/es\/wp-json\/wp\/v2\/product\/5321\/revisions\/7995"}],"wp:featuredmedia":[{"embeddable":true,"href":"https:\/\/vidaandinaperu.com\/es\/wp-json\/wp\/v2\/media\/5412"}],"wp:attachment":[{"href":"https:\/\/vidaandinaperu.com\/es\/wp-json\/wp\/v2\/media?parent=5321"}],"wp:term":[{"taxonomy":"brand","embeddable":true,"href":"https:\/\/vidaandinaperu.com\/es\/wp-json\/wp\/v2\/etheme_brands?post=5321"},{"taxonomy":"product_brand","embeddable":true,"href":"https:\/\/vidaandinaperu.com\/es\/wp-json\/wp\/v2\/product_brand?post=5321"},{"taxonomy":"product_cat","embeddable":true,"href":"https:\/\/vidaandinaperu.com\/es\/wp-json\/wp\/v2\/product_cat?post=5321"},{"taxonomy":"product_tag","embeddable":true,"href":"https:\/\/vidaandinaperu.com\/es\/wp-json\/wp\/v2\/product_tag?post=5321"}],"curies":[{"name":"wp","href":"https:\/\/api.w.org\/{rel}","templated":true}]}}