{"id":5317,"date":"2022-03-01T21:59:15","date_gmt":"2022-03-01T21:59:15","guid":{"rendered":"https:\/\/vidaandina.com\/web\/?post_type=product&#038;p=5317"},"modified":"2024-04-14T12:06:23","modified_gmt":"2024-04-14T12:06:23","slug":"hojas-coca-capsulas","status":"publish","type":"product","link":"https:\/\/vidaandinaperu.com\/es\/productos\/hojas-coca-capsulas\/","title":{"rendered":"Hojas de Coca en c\u00e1psulas Amazon Andes 120 x 500mg"},"content":{"rendered":"<p>La hoja de coca en c\u00e1psulas est\u00e1n hechas con hojas de coca seleccionadas y pulverizadas, de origen legal (de ENACO-empresa estatal de la coca, \u00fanico autorizado en el Per\u00fa para proveerla).<\/p>\n<h5>Contenido:<\/h5>\n<p>Las capsulas de coca contienen aproximadamente 2 g de calcio en cada 100g, lo cual es una buena fuente de este mineral, y posiblemente ayudando en casos de descalcificaci\u00f3n.<\/p>\n<h5>Uso:<\/h5>\n<p>Se recomienda consumir 3 a 6 c\u00e1psulas por d\u00eda, repartida en 3 tomas, despu\u00e9s de la comida.<\/p>\n<h5>Beneficios:<\/h5>\n<ul>\n<li>Como suplemento de calcio, del cual es fuente superior.<\/li>\n<li>Como fuente de prote\u00ednas, contiene 19.6% de contenido proteico.<\/li>\n<li>Para combatir la artritis, osteoartritis.<\/li>\n<li>Como antidepresivo de r\u00e1pida acci\u00f3n.<\/li>\n<li>Como t\u00f3nico restaurador, en casos de fatiga.<\/li>\n<li>Como analg\u00e9sico en condiciones de dolor.<\/li>\n<li>Para mejorar las funciones digestivas, espasmos y c\u00f3licos intestinales.<\/li>\n<\/ul>\n","protected":false},"excerpt":{"rendered":"<p>La hoja de coca en c\u00e1psulas est\u00e1n hechas con hojas de coca seleccionadas y pulverizadas, de origen legal (de ENACO-empresa estatal de la coca, \u00fanico&#8230;<\/p>\n","protected":false},"featured_media":5406,"comment_status":"open","ping_status":"closed","template":"","meta":{"inline_featured_image":false,"_joinchat":[]},"etheme_brands":[],"product_brand":[],"product_cat":[37,43],"product_tag":[],"class_list":{"0":"post-5317","1":"product","2":"type-product","3":"status-publish","4":"has-post-thumbnail","6":"product_cat-capsulas","7":"product_cat-vitaminas-suplementos","9":"first","10":"outofstock","11":"taxable","12":"shipping-taxable","13":"purchasable","14":"product-type-simple"},"acf":[],"_links":{"self":[{"href":"https:\/\/vidaandinaperu.com\/es\/wp-json\/wp\/v2\/product\/5317","targetHints":{"allow":["GET"]}}],"collection":[{"href":"https:\/\/vidaandinaperu.com\/es\/wp-json\/wp\/v2\/product"}],"about":[{"href":"https:\/\/vidaandinaperu.com\/es\/wp-json\/wp\/v2\/types\/product"}],"replies":[{"embeddable":true,"href":"https:\/\/vidaandinaperu.com\/es\/wp-json\/wp\/v2\/comments?post=5317"}],"version-history":[{"count":2,"href":"https:\/\/vidaandinaperu.com\/es\/wp-json\/wp\/v2\/product\/5317\/revisions"}],"predecessor-version":[{"id":7993,"href":"https:\/\/vidaandinaperu.com\/es\/wp-json\/wp\/v2\/product\/5317\/revisions\/7993"}],"wp:featuredmedia":[{"embeddable":true,"href":"https:\/\/vidaandinaperu.com\/es\/wp-json\/wp\/v2\/media\/5406"}],"wp:attachment":[{"href":"https:\/\/vidaandinaperu.com\/es\/wp-json\/wp\/v2\/media?parent=5317"}],"wp:term":[{"taxonomy":"brand","embeddable":true,"href":"https:\/\/vidaandinaperu.com\/es\/wp-json\/wp\/v2\/etheme_brands?post=5317"},{"taxonomy":"product_brand","embeddable":true,"href":"https:\/\/vidaandinaperu.com\/es\/wp-json\/wp\/v2\/product_brand?post=5317"},{"taxonomy":"product_cat","embeddable":true,"href":"https:\/\/vidaandinaperu.com\/es\/wp-json\/wp\/v2\/product_cat?post=5317"},{"taxonomy":"product_tag","embeddable":true,"href":"https:\/\/vidaandinaperu.com\/es\/wp-json\/wp\/v2\/product_tag?post=5317"}],"curies":[{"name":"wp","href":"https:\/\/api.w.org\/{rel}","templated":true}]}}