{"id":5310,"date":"2022-03-01T19:34:35","date_gmt":"2022-03-01T19:34:35","guid":{"rendered":"https:\/\/vidaandina.com\/web\/?post_type=product&#038;p=5310"},"modified":"2024-06-15T09:43:28","modified_gmt":"2024-06-15T09:43:28","slug":"nordic-berries-gomitas-multivitaminadas","status":"publish","type":"product","link":"https:\/\/vidaandinaperu.com\/es\/productos\/nordic-berries-gomitas-multivitaminadas\/","title":{"rendered":"Nordic Berries (120 gomitas multivitaminadas) &#8211; Nordic Naturals"},"content":{"rendered":"<p>Los Nordic Berries masticable para ni\u00f1os y adultos, proporciona vitaminas y nutrientes esenciales para fortalecer el sistema inmunol\u00f3gico, fortalecer la densidad \u00f3sea, el desarrollo y la salud en general.<\/p>\n<p>La importancia de tener a nuestros ni\u00f1os y adultos mayores bien alimentados permitir\u00e1 tener una vida y saludable y se asegura las aportaciones de todos los nutrientes. Asimismo, es ideal para ni\u00f1os y adultos porque no contiene gelatina ni sabores artificiales que pueden causar alguna irritaci\u00f3n o malestar en el sistema digestivo.<\/p>\n<p>Las vitaminas y minerales que Nordic Berries contiene son vitaminas A, C, D3, E, zinc y vitaminas de amplio espectro B para dar a tus peque\u00f1os energ\u00eda para crecer y aprender.<\/p>\n<h5>Contenido:<\/h5>\n<p>Multivitam\u00ednico masticable, basado en pectina, para ni\u00f1os mayores de 2 a\u00f1os de edad.<\/p>\n<h5>Uso:<\/h5>\n<ul>\n<li>Se recomienda consumir a partir de 2 a\u00f1os de edad a m\u00e1s, 4 gomitas diarias acompa\u00f1adas de las comidas.<\/li>\n<\/ul>\n<p><strong>&#8211; CONDICIONES DE CONSERVACI\u00d3N:<\/strong><\/p>\n<p>Conservar a temperatura ambiente, en un lugar fresco y seco. Protegido de la luz.<\/p>\n<p>Mantener alejado de los ni\u00f1os.<\/p>\n<p>&#8211;\u00a0<strong>PRECAUCIONES:<\/strong><\/p>\n<p>Consulta con tu m\u00e9dico ante cualquier duda sobre intolerancias, alergias o incompatibilidades.<\/p>\n<p>Suspenda su uso y consulte a su m\u00e9dico si se producen reacciones adversas<\/p>\n<p>Consumir de manera moderada.<\/p>\n<p>Mantener alejado de los ni\u00f1os.<\/p>\n<h5>Beneficios:<\/h5>\n<ul>\n<li>Se recomienda su consumo a ni\u00f1os y adultos por su\u00a0<strong>alto contenido de vitaminas y minerales<\/strong>\u00a0que aportan nutrientes a muestro organismo. Y puede complementar con los alimentos que se ingiere para una mejor absorci\u00f3n.<\/li>\n<li>Las vitaminas que contiene Nordic Berries, est\u00e1n pensadas para<strong>\u00a0fortalecer el sistema inmunol\u00f3gico<\/strong>, en ni\u00f1os ayuda al desarrollo de los dientes y el tejido blando y esquel\u00e9tico.<\/li>\n<li>Por su contenido de vitamina A,\u00a0<strong>su consumo favorece la formaci\u00f3n de la p\u00farpura visual de la retina, la cual permite ver en la oscuridad.<\/strong><\/li>\n<\/ul>\n","protected":false},"excerpt":{"rendered":"<p>Los Nordic Berries masticable para ni\u00f1os y adultos, proporciona vitaminas y nutrientes esenciales para fortalecer el sistema inmunol\u00f3gico, fortalecer la densidad \u00f3sea, el desarrollo y&#8230;<\/p>\n","protected":false},"featured_media":5414,"comment_status":"open","ping_status":"closed","template":"","meta":{"inline_featured_image":false,"_joinchat":[]},"etheme_brands":[],"product_brand":[],"product_cat":[37,43],"product_tag":[],"class_list":{"0":"post-5310","1":"product","2":"type-product","3":"status-publish","4":"has-post-thumbnail","6":"product_cat-capsulas","7":"product_cat-vitaminas-suplementos","9":"first","10":"outofstock","11":"taxable","12":"shipping-taxable","13":"purchasable","14":"product-type-simple"},"acf":[],"_links":{"self":[{"href":"https:\/\/vidaandinaperu.com\/es\/wp-json\/wp\/v2\/product\/5310","targetHints":{"allow":["GET"]}}],"collection":[{"href":"https:\/\/vidaandinaperu.com\/es\/wp-json\/wp\/v2\/product"}],"about":[{"href":"https:\/\/vidaandinaperu.com\/es\/wp-json\/wp\/v2\/types\/product"}],"replies":[{"embeddable":true,"href":"https:\/\/vidaandinaperu.com\/es\/wp-json\/wp\/v2\/comments?post=5310"}],"version-history":[{"count":2,"href":"https:\/\/vidaandinaperu.com\/es\/wp-json\/wp\/v2\/product\/5310\/revisions"}],"predecessor-version":[{"id":37141,"href":"https:\/\/vidaandinaperu.com\/es\/wp-json\/wp\/v2\/product\/5310\/revisions\/37141"}],"wp:featuredmedia":[{"embeddable":true,"href":"https:\/\/vidaandinaperu.com\/es\/wp-json\/wp\/v2\/media\/5414"}],"wp:attachment":[{"href":"https:\/\/vidaandinaperu.com\/es\/wp-json\/wp\/v2\/media?parent=5310"}],"wp:term":[{"taxonomy":"brand","embeddable":true,"href":"https:\/\/vidaandinaperu.com\/es\/wp-json\/wp\/v2\/etheme_brands?post=5310"},{"taxonomy":"product_brand","embeddable":true,"href":"https:\/\/vidaandinaperu.com\/es\/wp-json\/wp\/v2\/product_brand?post=5310"},{"taxonomy":"product_cat","embeddable":true,"href":"https:\/\/vidaandinaperu.com\/es\/wp-json\/wp\/v2\/product_cat?post=5310"},{"taxonomy":"product_tag","embeddable":true,"href":"https:\/\/vidaandinaperu.com\/es\/wp-json\/wp\/v2\/product_tag?post=5310"}],"curies":[{"name":"wp","href":"https:\/\/api.w.org\/{rel}","templated":true}]}}