{"id":5308,"date":"2022-03-01T19:31:50","date_gmt":"2022-03-01T19:31:50","guid":{"rendered":"https:\/\/vidaandina.com\/web\/?post_type=product&#038;p=5308"},"modified":"2025-08-18T21:45:08","modified_gmt":"2025-08-18T21:45:08","slug":"new-dha-blandas-nordic-naturals","status":"publish","type":"product","link":"https:\/\/vidaandinaperu.com\/es\/productos\/new-dha-blandas-nordic-naturals\/","title":{"rendered":"New DHA (90 c\u00e1psulas blandas) &#8211; Nordic Naturals"},"content":{"rendered":"<p><strong>El DHA es un \u00e1cido graso poliinsaturado\u00a0<\/strong>de cadena larga de origen marino fundamental para la formaci\u00f3n y funcionalidad del sistema nervioso, especialmente para el cerebro y la retina de los humanos.<\/p>\n<p>Es importante el rol trascendental que se propone tuvo este \u00e1cido graso en la evoluci\u00f3n humana, principalmente en el crecimiento y desarrollo cerebral, efecto que permiti\u00f3 el surgimiento de las primeras habilidades cognitivas y de inteligencia que diferenciaron a nuestra especie de otros animales. Actualmente se considera al DHA como un nutriente cr\u00edtico durante el embarazo y la lactancia debido a su activa participaci\u00f3n en el desarrollo del sistema nervioso tanto a nivel estructural como funcional en los primeros a\u00f1os de vida.<\/p>\n<h5>Uso:<\/h5>\n<ul>\n<li>Se recomienda consumir 2 c\u00e1psulas blandas al d\u00eda con las comidas.<\/li>\n<\/ul>\n<p>&#8211;\u00a0<strong>CONDICIONES DE CONSERVACI\u00d3N:<\/strong><\/p>\n<p>Conservar a temperatura ambiente, en un lugar fresco y seco. Protegido de la luz.<\/p>\n<p>Mantener alejado de los ni\u00f1os.<\/p>\n<p>&#8211;\u00a0<strong>PRECAUCIONES:<\/strong><\/p>\n<p>Consulta con tu m\u00e9dico ante cualquier duda sobre intolerancias, alergias o incompatibilidades.<\/p>\n<p>Suspenda su uso y consulte a su m\u00e9dico si se producen reacciones adversas<\/p>\n<p>Consumir de manera moderada.<\/p>\n<p>Mantener alejado de los ni\u00f1os.<\/p>\n<h5>Beneficios:<\/h5>\n<ul>\n<li><strong>Promueve el aprendizaje, concentraci\u00f3n<\/strong>\u00a0porque funcionan tanto como sustratos de energ\u00eda como componentes integrales de la membrana celular cerebral.<\/li>\n<li>Se recomienda consumir por ser el\u00a0<strong>componente esencial para mantener la funci\u00f3n sin\u00e1ptica<\/strong>\u00a0a trav\u00e9s del incremento en la afinidad de receptores y la mejor\u00eda de los procesos de las distintas funciones cerebrales superiores.<\/li>\n<li>Se aconseja su consumo porque<strong>\u00a0favorece la fabricaci\u00f3n de la mielina,<\/strong>\u00a0sustancia compuesta por \u00e1cidos grasos esenciales como el DHA, que son importantes para el cerebro. El DHA,\u00a0<strong>facilitar\u00e1 que las conexiones neurol\u00f3gicas est\u00e9n m\u00e1s reforzadas.<\/strong><\/li>\n<\/ul>\n","protected":false},"excerpt":{"rendered":"<p>El DHA es un \u00e1cido graso poliinsaturado\u00a0de cadena larga de origen marino fundamental para la formaci\u00f3n y funcionalidad del sistema nervioso, especialmente para el cerebro&#8230;<\/p>\n","protected":false},"featured_media":5411,"comment_status":"open","ping_status":"closed","template":"","meta":{"inline_featured_image":false,"_joinchat":[]},"etheme_brands":[],"product_brand":[],"product_cat":[37,43],"product_tag":[],"class_list":{"0":"post-5308","1":"product","2":"type-product","3":"status-publish","4":"has-post-thumbnail","6":"product_cat-capsulas","7":"product_cat-vitaminas-suplementos","9":"first","10":"outofstock","11":"taxable","12":"shipping-taxable","13":"purchasable","14":"product-type-simple"},"acf":[],"_links":{"self":[{"href":"https:\/\/vidaandinaperu.com\/es\/wp-json\/wp\/v2\/product\/5308","targetHints":{"allow":["GET"]}}],"collection":[{"href":"https:\/\/vidaandinaperu.com\/es\/wp-json\/wp\/v2\/product"}],"about":[{"href":"https:\/\/vidaandinaperu.com\/es\/wp-json\/wp\/v2\/types\/product"}],"replies":[{"embeddable":true,"href":"https:\/\/vidaandinaperu.com\/es\/wp-json\/wp\/v2\/comments?post=5308"}],"version-history":[{"count":1,"href":"https:\/\/vidaandinaperu.com\/es\/wp-json\/wp\/v2\/product\/5308\/revisions"}],"predecessor-version":[{"id":15771,"href":"https:\/\/vidaandinaperu.com\/es\/wp-json\/wp\/v2\/product\/5308\/revisions\/15771"}],"wp:featuredmedia":[{"embeddable":true,"href":"https:\/\/vidaandinaperu.com\/es\/wp-json\/wp\/v2\/media\/5411"}],"wp:attachment":[{"href":"https:\/\/vidaandinaperu.com\/es\/wp-json\/wp\/v2\/media?parent=5308"}],"wp:term":[{"taxonomy":"brand","embeddable":true,"href":"https:\/\/vidaandinaperu.com\/es\/wp-json\/wp\/v2\/etheme_brands?post=5308"},{"taxonomy":"product_brand","embeddable":true,"href":"https:\/\/vidaandinaperu.com\/es\/wp-json\/wp\/v2\/product_brand?post=5308"},{"taxonomy":"product_cat","embeddable":true,"href":"https:\/\/vidaandinaperu.com\/es\/wp-json\/wp\/v2\/product_cat?post=5308"},{"taxonomy":"product_tag","embeddable":true,"href":"https:\/\/vidaandinaperu.com\/es\/wp-json\/wp\/v2\/product_tag?post=5308"}],"curies":[{"name":"wp","href":"https:\/\/api.w.org\/{rel}","templated":true}]}}