{"id":5306,"date":"2022-03-01T17:48:51","date_gmt":"2022-03-01T17:48:51","guid":{"rendered":"https:\/\/vidaandina.com\/web\/?post_type=product&#038;p=5306"},"modified":"2024-06-15T09:50:22","modified_gmt":"2024-06-15T09:50:22","slug":"vitamina-gummies-gomitas-nordic-naturals","status":"publish","type":"product","link":"https:\/\/vidaandinaperu.com\/es\/productos\/vitamina-gummies-gomitas-nordic-naturals\/","title":{"rendered":"Vitamina C Gummies (120 gomitas) &#8211; Nordic Naturals"},"content":{"rendered":"<p>La vitamina C desarrolla funciones bioqu\u00edmicas, fisiol\u00f3gicas y la regulaci\u00f3n de la respuesta frente a reacciones al\u00e9rgicas en el organismo. Es importante saber, que la vitamina C no puede sintetizada por el organismo, por el cual se tiene que consumir como suplemento y tambi\u00e9n en los alimentos.<\/p>\n<p>La vitamina C (\u00e1cido asc\u00f3rbico) en el organismo\u00a0<strong>act\u00faa como antioxidante<\/strong>, significa que forma parte de la protecci\u00f3n de las c\u00e9lulas contra los da\u00f1os causados por los radicales libres. Asimismo es importante, porque\u00a0<strong>forma parte de la producci\u00f3n de col\u00e1geno, prote\u00edna con funci\u00f3n cicatrizante de las heridas.<\/strong><\/p>\n<p>El \u00e1cido asc\u00f3rbico mejora la absorci\u00f3n de hierro que se consume en los alimentos de origen vegetal, y muy importante,<strong>\u00a0su consumo favorece al buen funcionamiento del sistema inmunitario<\/strong>\u00a0para proteger al organismo de los virus y bacterias.<\/p>\n<h5>Contenido:<\/h5>\n<p>Elaborado a base de pectina de fruta.<\/p>\n<h5>Uso:<\/h5>\n<ul>\n<li>Se recomienda consumir en ni\u00f1os de 4 a\u00f1os a m\u00e1s, ingerir y masticar 2 pastillas de goma al dia acompa\u00f1ado de los alimentos o seg\u00fan lo recete su profesional de la salud.<\/li>\n<\/ul>\n<p>&#8211;\u00a0<strong>CONDICIONES DE CONSERVACI\u00d3N:<\/strong><\/p>\n<p>Conservar a temperatura ambiente, en un lugar fresco y seco. Protegido de la luz.<\/p>\n<p>Mantener alejado de los ni\u00f1os.<\/p>\n<p><strong>&#8211; PRECAUCIONES:<\/strong><\/p>\n<p>Consumir de manera moderada.<\/p>\n<p>Mantener alejado de los ni\u00f1os.<\/p>\n<p>Consulta con tu m\u00e9dico ante cualquier duda sobre intolerancias, alergias o incompatibilidades.<\/p>\n<h5>Beneficios:<\/h5>\n<ul>\n<li>Funci\u00f3n Bioqu\u00edmica:\u00a0<strong>participa en la s\u00edntesis de col\u00e1geno, la carnitina y la norepinefrina<\/strong>. Asimismo es necesaria para\u00a0<strong>prevenir el escorbuto<\/strong>, adem\u00e1s por su\u00a0<strong>funci\u00f3n antioxidante<\/strong>\u00a0tambi\u00e9n\u00a0<strong>puede disminuir el colesterol y mejorar la vasodilataci\u00f3n<\/strong>.\u00a0<strong>Mejora la absorci\u00f3n del hierro\u00a0<\/strong>importante para mejorar las niveles de hemoglobina en la sangre.<\/li>\n<li>Funci\u00f3n fisiol\u00f3gica: Su consumo<strong>\u00a0favorece la reducci\u00f3n de los resfr\u00edos,<\/strong>\u00a0<strong>disminuye los s\u00edntomas que acompa\u00f1an a las infecciones respiratorias, trastornos al\u00e9rgicos y el asma bronquial.<\/strong><\/li>\n<\/ul>\n","protected":false},"excerpt":{"rendered":"<p>La vitamina C desarrolla funciones bioqu\u00edmicas, fisiol\u00f3gicas y la regulaci\u00f3n de la respuesta frente a reacciones al\u00e9rgicas en el organismo. Es importante saber, que la&#8230;<\/p>\n","protected":false},"featured_media":5425,"comment_status":"open","ping_status":"closed","template":"","meta":{"inline_featured_image":false,"_joinchat":[]},"etheme_brands":[],"product_brand":[],"product_cat":[37,43],"product_tag":[],"class_list":{"0":"post-5306","1":"product","2":"type-product","3":"status-publish","4":"has-post-thumbnail","6":"product_cat-capsulas","7":"product_cat-vitaminas-suplementos","9":"first","10":"outofstock","11":"taxable","12":"shipping-taxable","13":"purchasable","14":"product-type-simple"},"acf":[],"_links":{"self":[{"href":"https:\/\/vidaandinaperu.com\/es\/wp-json\/wp\/v2\/product\/5306","targetHints":{"allow":["GET"]}}],"collection":[{"href":"https:\/\/vidaandinaperu.com\/es\/wp-json\/wp\/v2\/product"}],"about":[{"href":"https:\/\/vidaandinaperu.com\/es\/wp-json\/wp\/v2\/types\/product"}],"replies":[{"embeddable":true,"href":"https:\/\/vidaandinaperu.com\/es\/wp-json\/wp\/v2\/comments?post=5306"}],"version-history":[{"count":1,"href":"https:\/\/vidaandinaperu.com\/es\/wp-json\/wp\/v2\/product\/5306\/revisions"}],"predecessor-version":[{"id":11566,"href":"https:\/\/vidaandinaperu.com\/es\/wp-json\/wp\/v2\/product\/5306\/revisions\/11566"}],"wp:featuredmedia":[{"embeddable":true,"href":"https:\/\/vidaandinaperu.com\/es\/wp-json\/wp\/v2\/media\/5425"}],"wp:attachment":[{"href":"https:\/\/vidaandinaperu.com\/es\/wp-json\/wp\/v2\/media?parent=5306"}],"wp:term":[{"taxonomy":"brand","embeddable":true,"href":"https:\/\/vidaandinaperu.com\/es\/wp-json\/wp\/v2\/etheme_brands?post=5306"},{"taxonomy":"product_brand","embeddable":true,"href":"https:\/\/vidaandinaperu.com\/es\/wp-json\/wp\/v2\/product_brand?post=5306"},{"taxonomy":"product_cat","embeddable":true,"href":"https:\/\/vidaandinaperu.com\/es\/wp-json\/wp\/v2\/product_cat?post=5306"},{"taxonomy":"product_tag","embeddable":true,"href":"https:\/\/vidaandinaperu.com\/es\/wp-json\/wp\/v2\/product_tag?post=5306"}],"curies":[{"name":"wp","href":"https:\/\/api.w.org\/{rel}","templated":true}]}}