{"id":5302,"date":"2022-03-01T17:41:49","date_gmt":"2022-03-01T17:41:49","guid":{"rendered":"https:\/\/vidaandina.com\/web\/?post_type=product&#038;p=5302"},"modified":"2025-08-18T21:43:57","modified_gmt":"2025-08-18T21:43:57","slug":"mashua-capsulas-gatti","status":"publish","type":"product","link":"https:\/\/vidaandinaperu.com\/es\/productos\/mashua-capsulas-gatti\/","title":{"rendered":"Mashua en c\u00e1psulas (100 x 500 mg.) &#8211; Gatti"},"content":{"rendered":"<h5>Contenido:<\/h5>\n<p>Ra\u00edces seleccionadas de Mashua.<\/p>\n<h5>Beneficios:<\/h5>\n<ul>\n<li>Mejora la funci\u00f3n intestinal.<\/li>\n<li>Promueve adecuados niveles de energ\u00eda.<\/li>\n<li>Limpia los ri\u00f1ones y las v\u00edas urinarias.<\/li>\n<li>Elimina par\u00e1sitos.<\/li>\n<li>Previene enfermedades al coraz\u00f3n.<\/li>\n<li>Puede ayudar a curar las \u00falceras de la piel.<\/li>\n<li>Se utiliza para tratar c\u00e1lculos y dolencias renales.<\/li>\n<li>Inhibe el crecimiento de c\u00e9lulas cancer\u00edgenas en la pr\u00f3stata.<\/li>\n<li>Poderoso antioxidante.<\/li>\n<\/ul>\n","protected":false},"excerpt":{"rendered":"<p>Contenido: Ra\u00edces seleccionadas de Mashua. Beneficios: Mejora la funci\u00f3n intestinal. Promueve adecuados niveles de energ\u00eda. Limpia los ri\u00f1ones y las v\u00edas urinarias. Elimina par\u00e1sitos. Previene&#8230;<\/p>\n","protected":false},"featured_media":5409,"comment_status":"open","ping_status":"closed","template":"","meta":{"inline_featured_image":false,"_joinchat":[]},"etheme_brands":[],"product_brand":[],"product_cat":[37,43],"product_tag":[],"class_list":{"0":"post-5302","1":"product","2":"type-product","3":"status-publish","4":"has-post-thumbnail","6":"product_cat-capsulas","7":"product_cat-vitaminas-suplementos","9":"first","10":"outofstock","11":"taxable","12":"shipping-taxable","13":"purchasable","14":"product-type-simple"},"acf":[],"_links":{"self":[{"href":"https:\/\/vidaandinaperu.com\/es\/wp-json\/wp\/v2\/product\/5302","targetHints":{"allow":["GET"]}}],"collection":[{"href":"https:\/\/vidaandinaperu.com\/es\/wp-json\/wp\/v2\/product"}],"about":[{"href":"https:\/\/vidaandinaperu.com\/es\/wp-json\/wp\/v2\/types\/product"}],"replies":[{"embeddable":true,"href":"https:\/\/vidaandinaperu.com\/es\/wp-json\/wp\/v2\/comments?post=5302"}],"version-history":[{"count":1,"href":"https:\/\/vidaandinaperu.com\/es\/wp-json\/wp\/v2\/product\/5302\/revisions"}],"predecessor-version":[{"id":7989,"href":"https:\/\/vidaandinaperu.com\/es\/wp-json\/wp\/v2\/product\/5302\/revisions\/7989"}],"wp:featuredmedia":[{"embeddable":true,"href":"https:\/\/vidaandinaperu.com\/es\/wp-json\/wp\/v2\/media\/5409"}],"wp:attachment":[{"href":"https:\/\/vidaandinaperu.com\/es\/wp-json\/wp\/v2\/media?parent=5302"}],"wp:term":[{"taxonomy":"brand","embeddable":true,"href":"https:\/\/vidaandinaperu.com\/es\/wp-json\/wp\/v2\/etheme_brands?post=5302"},{"taxonomy":"product_brand","embeddable":true,"href":"https:\/\/vidaandinaperu.com\/es\/wp-json\/wp\/v2\/product_brand?post=5302"},{"taxonomy":"product_cat","embeddable":true,"href":"https:\/\/vidaandinaperu.com\/es\/wp-json\/wp\/v2\/product_cat?post=5302"},{"taxonomy":"product_tag","embeddable":true,"href":"https:\/\/vidaandinaperu.com\/es\/wp-json\/wp\/v2\/product_tag?post=5302"}],"curies":[{"name":"wp","href":"https:\/\/api.w.org\/{rel}","templated":true}]}}