{"id":5297,"date":"2022-03-01T17:29:07","date_gmt":"2022-03-01T17:29:07","guid":{"rendered":"https:\/\/vidaandina.com\/web\/?post_type=product&#038;p=5297"},"modified":"2024-04-16T10:32:39","modified_gmt":"2024-04-16T10:32:39","slug":"noni-capsulas-amazon-andes","status":"publish","type":"product","link":"https:\/\/vidaandinaperu.com\/es\/productos\/noni-capsulas-amazon-andes\/","title":{"rendered":"Noni en c\u00e1psulas (100 x 500 mg) &#8211; Amazon Andes"},"content":{"rendered":"<p><strong>El Noni\u00a0<\/strong><strong>es<\/strong><strong>\u00a0recomendado para prevenir y combatir diferentes problemas de salud<\/strong>. Mayormente es utilizado para mejorar el sistema inmune.<\/p>\n<h5>Ingredientes:<\/h5>\n<p>100% Noni Fruit seleccionada, libre de aromas artificiales, sabores o colorantes.<\/p>\n<h5>Uso:<\/h5>\n<ul>\n<li>Se recomienda consumir 2 c\u00e1psulas en ayunas o antes de la comida, 6 por d\u00eda.<\/li>\n<\/ul>\n<h5>Beneficios:<\/h5>\n<ul>\n<li>Fortalece el sistema inmunol\u00f3gico.<\/li>\n<li>Aumenta la energ\u00eda en el organismo.<\/li>\n<li>Posee<strong>\u00a0actividad antioxidante<\/strong>, evita la formaci\u00f3n de radicales libres, previniendo as\u00ed la degeneraci\u00f3n celular.<\/li>\n<li>Tiene\u00a0<strong>efecto antimicrobiano<\/strong>, porque<strong>\u00a0inhibe el crecimiento de bacterias\u00a0<\/strong>como\u00a0<em>Staphylococcus aureus, Bacillus subtilus, Escherichia coli, Salmonella y Shigella.<\/em><\/li>\n<li><strong>Mejora la digesti\u00f3n<\/strong>,\u00a0<strong>previene formaci\u00f3n de \u00falceras y la gastritis.<\/strong><\/li>\n<li><strong>Analg\u00e9sico e inflamatorio natural<\/strong>, utilizado para\u00a0<strong>calmar el dolor de golpes, heridas y fiebre.<\/strong><\/li>\n<li>Recomendado para r<strong>educir el colesterol malo y los triglic\u00e9ridos<\/strong>\u00a0en la sangre.<\/li>\n<li><strong>Recomendado para prevenir la diabetes.<\/strong><\/li>\n<li><strong>Regula el nivel de az\u00facar en la sangre.<\/strong><\/li>\n<\/ul>\n","protected":false},"excerpt":{"rendered":"<p>El Noni\u00a0es\u00a0recomendado para prevenir y combatir diferentes problemas de salud. Mayormente es utilizado para mejorar el sistema inmune. Ingredientes: 100% Noni Fruit seleccionada, libre de&#8230;<\/p>\n","protected":false},"featured_media":5413,"comment_status":"open","ping_status":"closed","template":"","meta":{"inline_featured_image":false,"_joinchat":[]},"etheme_brands":[],"product_brand":[],"product_cat":[37,43],"product_tag":[],"class_list":{"0":"post-5297","1":"product","2":"type-product","3":"status-publish","4":"has-post-thumbnail","6":"product_cat-capsulas","7":"product_cat-vitaminas-suplementos","9":"first","10":"outofstock","11":"taxable","12":"shipping-taxable","13":"purchasable","14":"product-type-simple"},"acf":[],"_links":{"self":[{"href":"https:\/\/vidaandinaperu.com\/es\/wp-json\/wp\/v2\/product\/5297","targetHints":{"allow":["GET"]}}],"collection":[{"href":"https:\/\/vidaandinaperu.com\/es\/wp-json\/wp\/v2\/product"}],"about":[{"href":"https:\/\/vidaandinaperu.com\/es\/wp-json\/wp\/v2\/types\/product"}],"replies":[{"embeddable":true,"href":"https:\/\/vidaandinaperu.com\/es\/wp-json\/wp\/v2\/comments?post=5297"}],"version-history":[{"count":1,"href":"https:\/\/vidaandinaperu.com\/es\/wp-json\/wp\/v2\/product\/5297\/revisions"}],"predecessor-version":[{"id":7986,"href":"https:\/\/vidaandinaperu.com\/es\/wp-json\/wp\/v2\/product\/5297\/revisions\/7986"}],"wp:featuredmedia":[{"embeddable":true,"href":"https:\/\/vidaandinaperu.com\/es\/wp-json\/wp\/v2\/media\/5413"}],"wp:attachment":[{"href":"https:\/\/vidaandinaperu.com\/es\/wp-json\/wp\/v2\/media?parent=5297"}],"wp:term":[{"taxonomy":"brand","embeddable":true,"href":"https:\/\/vidaandinaperu.com\/es\/wp-json\/wp\/v2\/etheme_brands?post=5297"},{"taxonomy":"product_brand","embeddable":true,"href":"https:\/\/vidaandinaperu.com\/es\/wp-json\/wp\/v2\/product_brand?post=5297"},{"taxonomy":"product_cat","embeddable":true,"href":"https:\/\/vidaandinaperu.com\/es\/wp-json\/wp\/v2\/product_cat?post=5297"},{"taxonomy":"product_tag","embeddable":true,"href":"https:\/\/vidaandinaperu.com\/es\/wp-json\/wp\/v2\/product_tag?post=5297"}],"curies":[{"name":"wp","href":"https:\/\/api.w.org\/{rel}","templated":true}]}}