{"id":5258,"date":"2022-02-28T15:01:48","date_gmt":"2022-02-28T15:01:48","guid":{"rendered":"https:\/\/vidaandina.com\/web\/?post_type=product&#038;p=5258"},"modified":"2025-08-18T20:59:08","modified_gmt":"2025-08-18T20:59:08","slug":"maca-roja-capsulas","status":"publish","type":"product","link":"https:\/\/vidaandinaperu.com\/es\/productos\/maca-roja-capsulas\/","title":{"rendered":"Maca Roja en c\u00e1psulas (100 c\u00e1ps. x 500 mg) &#8211; Inkanat"},"content":{"rendered":"<p>La\u00a0<strong>Maca Roja\u00a0<\/strong>es Nativa del Per\u00fa, as\u00ed como las dem\u00e1s variedades de maca, crece por encima de los 4000 metros sobre el nivel del mar, cultivadas principalmente en las zonas de los andes peruanos.<\/p>\n<p>Desde los tiempos m\u00e1s antiguos se le han atribuido a la ra\u00edz efectos y\u00a0<strong>propiedades ben\u00e9ficas para la salud<\/strong>\u00a0y la\u00a0<strong>fertilidad<\/strong>\u00a0a partir de su uso popular, de los cuales a la fecha han sido demostrados cient\u00edficamente.<\/p>\n<p>Asimismo la\u00a0<strong>maca roja tiene elevada cantidad de antioxidante, caroteno y niacina.<\/strong>\u00a0Tambi\u00e9n su consumo provee\u00a0<strong>vitamina C, Zinc, hierro y calcio i<\/strong>mportantes para la nutrici\u00f3n y equilibrio del organismo.<\/p>\n<h5>Ingredientes:<\/h5>\n<p>100% Maca Roja gelatinizada (pura y natural). Sin preservantes ni aditivos.<\/p>\n<h5>Uso:<\/h5>\n<ul>\n<li>Ni\u00f1os Mayores de 12 a\u00f1os: 2 c\u00e1psulas al d\u00eda (Ma\u00f1ana y\u00a0 tarde acompa\u00f1ado de las comidas)<\/li>\n<li>Adultos: Consumir\u00a0 de 3 a 6 c\u00e1psulas al d\u00eda (acompa\u00f1ado de las comidas).<\/li>\n<\/ul>\n<p><strong>&#8211; CONDICIONES DE CONSERVACI\u00d3N:<\/strong><\/p>\n<p>Conservar a temperatura ambiente, en un lugar fresco y seco. Protegido de la luz.<\/p>\n<p>Mantener alejado de los ni\u00f1os.<\/p>\n<p><strong>&#8211; PRECAUCIONES:<\/strong><\/p>\n<p>Evitar su consumo en ni\u00f1os menores de 12 a\u00f1os,\u00a0 a no ser que sea recomendado por su m\u00e9dico.<\/p>\n<h5>Beneficios:<\/h5>\n<ul>\n<li>Se recomienda su consumo para<strong>\u00a0evitar los<\/strong>\u00a0<strong>s\u00edntomas de la menopausia\u00a0<\/strong>y otras molestias relacionadas con la edad, y a la deficiencia de estr\u00f3genos como la<strong>\u00a0osteoporosis.<\/strong><\/li>\n<li>Por su contenido de\u00a0<strong>flavonas, quercetina y antocianinas<\/strong>, la maca roja\u00a0<strong>\u00a0tiene una elevada propiedad antioxidante,<\/strong>\u00a0por tanto su consumo\u00a0<strong>previene y retrasa el da\u00f1o celular en el organismo.<\/strong><\/li>\n<li>Su consumo<strong>\u00a0ayuda al organismo a la defensa contra virus y bacterias<\/strong>,\u00a0<strong>fortaleciendo as\u00ed el sistema inmunol\u00f3gico.<\/strong><\/li>\n<li>Se recomienda su consumo en personas que trabajan en exceso ya que<strong>\u00a0incrementa la energ\u00eda y vitalidad,<\/strong>\u00a0<strong>reduce el cansancio f\u00edsico y mental.<\/strong><\/li>\n<li>Por su contenido de hierro, es\u00a0<strong>recomendado en adultos y ni\u00f1os que padecen de anemia.<\/strong><\/li>\n<li>Recomendado para<strong>\u00a0incrementar la fertilidad en mujeres y varones.<\/strong><\/li>\n<li>Por su alto\u00a0<strong>contenido energ\u00e9tico y vitaminas<\/strong>, es<strong>\u00a0recomendado a deportistas.<\/strong><\/li>\n<li>Posee vitaminas tales como la<strong>\u00a0B1, B2, C y E,\u00a0<\/strong>que\u00a0<strong>ayudan a mejorar el aspecto de la piel.<\/strong><\/li>\n<\/ul>\n","protected":false},"excerpt":{"rendered":"<p>La\u00a0Maca Roja\u00a0es Nativa del Per\u00fa, as\u00ed como las dem\u00e1s variedades de maca, crece por encima de los 4000 metros sobre el nivel del mar, cultivadas&#8230;<\/p>\n","protected":false},"featured_media":5368,"comment_status":"open","ping_status":"closed","template":"","meta":{"inline_featured_image":false,"_joinchat":[]},"etheme_brands":[],"product_brand":[],"product_cat":[37,38],"product_tag":[],"class_list":{"0":"post-5258","1":"product","2":"type-product","3":"status-publish","4":"has-post-thumbnail","6":"product_cat-capsulas","7":"product_cat-maca","9":"first","10":"outofstock","11":"taxable","12":"shipping-taxable","13":"purchasable","14":"product-type-simple"},"acf":[],"_links":{"self":[{"href":"https:\/\/vidaandinaperu.com\/es\/wp-json\/wp\/v2\/product\/5258","targetHints":{"allow":["GET"]}}],"collection":[{"href":"https:\/\/vidaandinaperu.com\/es\/wp-json\/wp\/v2\/product"}],"about":[{"href":"https:\/\/vidaandinaperu.com\/es\/wp-json\/wp\/v2\/types\/product"}],"replies":[{"embeddable":true,"href":"https:\/\/vidaandinaperu.com\/es\/wp-json\/wp\/v2\/comments?post=5258"}],"version-history":[{"count":1,"href":"https:\/\/vidaandinaperu.com\/es\/wp-json\/wp\/v2\/product\/5258\/revisions"}],"predecessor-version":[{"id":7962,"href":"https:\/\/vidaandinaperu.com\/es\/wp-json\/wp\/v2\/product\/5258\/revisions\/7962"}],"wp:featuredmedia":[{"embeddable":true,"href":"https:\/\/vidaandinaperu.com\/es\/wp-json\/wp\/v2\/media\/5368"}],"wp:attachment":[{"href":"https:\/\/vidaandinaperu.com\/es\/wp-json\/wp\/v2\/media?parent=5258"}],"wp:term":[{"taxonomy":"brand","embeddable":true,"href":"https:\/\/vidaandinaperu.com\/es\/wp-json\/wp\/v2\/etheme_brands?post=5258"},{"taxonomy":"product_brand","embeddable":true,"href":"https:\/\/vidaandinaperu.com\/es\/wp-json\/wp\/v2\/product_brand?post=5258"},{"taxonomy":"product_cat","embeddable":true,"href":"https:\/\/vidaandinaperu.com\/es\/wp-json\/wp\/v2\/product_cat?post=5258"},{"taxonomy":"product_tag","embeddable":true,"href":"https:\/\/vidaandinaperu.com\/es\/wp-json\/wp\/v2\/product_tag?post=5258"}],"curies":[{"name":"wp","href":"https:\/\/api.w.org\/{rel}","templated":true}]}}