{"id":5256,"date":"2022-02-28T14:58:54","date_gmt":"2022-02-28T14:58:54","guid":{"rendered":"https:\/\/vidaandina.com\/web\/?post_type=product&#038;p=5256"},"modified":"2024-04-14T14:12:44","modified_gmt":"2024-04-14T14:12:44","slug":"maca-amarilla-organica-capsulas-inkanat","status":"publish","type":"product","link":"https:\/\/vidaandinaperu.com\/es\/productos\/maca-amarilla-organica-capsulas-inkanat\/","title":{"rendered":"Maca Amarilla Org\u00e1nica en C\u00e1psulas (100 caps. x 500 mg)"},"content":{"rendered":"<p>La<strong>\u00a0Maca amarilla<\/strong>\u00a0es Nativa del Per\u00fa, as\u00ed como las dem\u00e1s variedades de maca, crece por encima de los 4000 metros sobre el nivel del mar, cultivadas principalmente en las zonas de los andes peruanos.<\/p>\n<p>Desde los tiempos m\u00e1s antiguos se le han atribuido a la ra\u00edz efectos y\u00a0<strong>propiedades ben\u00e9ficas para la salud<\/strong>\u00a0y la\u00a0<strong>fertilidad\u00a0<\/strong>a partir de su uso popular, de los cuales a la fecha han sido demostrados cient\u00edficamente.<\/p>\n<p>Asimismo la maca amarilla tiene elevada cantidad de\u00a0<strong>antioxidante, glucosinolatos, \u00e1cidos grasos, macaenos, macamidas\u00a0 y polifenoles<\/strong>. Dentro de los minerales encontrados destacan el\u00a0<strong>calcio, f\u00f3sforo y hierro.<\/strong><\/p>\n<h5>Ingredientes:<\/h5>\n<p>100%\u00a0<strong>Maca Amarilla\u00a0<\/strong>gelatinizada (pura y natural). Sin preservantes ni aditivos.<\/p>\n<h5>Uso:<\/h5>\n<p>Ni\u00f1os Mayores de 12 a\u00f1os: 2 c\u00e1psulas al d\u00eda (Ma\u00f1ana y\u00a0 tarde acompa\u00f1ado de las comidas)<\/p>\n<p>Adultos: Consumir\u00a0 de 3 a 6 c\u00e1psulas al d\u00eda (acompa\u00f1ado de las comidas).<\/p>\n<p><strong>&#8211; CONDICIONES DE CONSERVACI\u00d3N:<\/strong><\/p>\n<p>Conservar a temperatura ambiente, en un lugar fresco y seco. Protegido de la luz.<\/p>\n<p>Mantener alejado de los ni\u00f1os.<\/p>\n<p><strong>&#8211; PRECAUCIONES:<\/strong><\/p>\n<p>No hay estudios concluyentes donde demuestren alg\u00fan efecto secundario.<\/p>\n<p>Evitar su consumo en ni\u00f1os menores de 12 a\u00f1os,\u00a0 a no ser que sea recomendado por su m\u00e9dico.<\/p>\n<h5>Beneficios:<\/h5>\n<ul>\n<li>Por su<strong>\u00a0acci\u00f3n antioxidante<\/strong>, su consumo\u00a0<strong>previene las enfermedades cardiovasculares.<\/strong><\/li>\n<li>Por su<strong>\u00a0alto valor nutricional<\/strong>,\u00a0 proporciona al organismo la\u00a0<strong>defensa contra virus y bacterias<\/strong>,\u00a0<strong>fortaleciendo as\u00ed el sistema inmunol\u00f3gico.<\/strong><\/li>\n<li>Mejora la tasa de crecimiento<strong>\u00a0estimulando a la hormona de crecimiento.<\/strong><\/li>\n<li>Por su contenido de\u00a0<strong>hierro<\/strong>, su consumo es\u00a0<strong>recomendado para fortalecer los huesos y prevenir la artritis y osteoporosis.<\/strong><\/li>\n<li>Se recomienda su consumo en personas que trabajan en exceso ya que<strong>\u00a0incrementa la energ\u00eda y vitalidad<\/strong>,\u00a0<strong>reduce el cansancio f\u00edsico y mental.<\/strong><\/li>\n<li>Por su contenido de<strong>\u00a0<\/strong>hierro, es\u00a0<strong>recomendado en adultos y ni\u00f1os que padecen de anemia.<\/strong><\/li>\n<li>Por su alto contenido\u00a0<strong>energ\u00e9tico y vitaminas<\/strong>, es<strong>\u00a0recomendado a deportistas.<\/strong><\/li>\n<\/ul>\n","protected":false},"excerpt":{"rendered":"<p>La\u00a0Maca amarilla\u00a0es Nativa del Per\u00fa, as\u00ed como las dem\u00e1s variedades de maca, crece por encima de los 4000 metros sobre el nivel del mar, cultivadas&#8230;<\/p>\n","protected":false},"featured_media":5367,"comment_status":"open","ping_status":"closed","template":"","meta":{"inline_featured_image":false,"_joinchat":[]},"etheme_brands":[],"product_brand":[],"product_cat":[37,38],"product_tag":[],"class_list":{"0":"post-5256","1":"product","2":"type-product","3":"status-publish","4":"has-post-thumbnail","6":"product_cat-capsulas","7":"product_cat-maca","9":"first","10":"instock","11":"taxable","12":"shipping-taxable","13":"purchasable","14":"product-type-simple"},"acf":[],"_links":{"self":[{"href":"https:\/\/vidaandinaperu.com\/es\/wp-json\/wp\/v2\/product\/5256","targetHints":{"allow":["GET"]}}],"collection":[{"href":"https:\/\/vidaandinaperu.com\/es\/wp-json\/wp\/v2\/product"}],"about":[{"href":"https:\/\/vidaandinaperu.com\/es\/wp-json\/wp\/v2\/types\/product"}],"replies":[{"embeddable":true,"href":"https:\/\/vidaandinaperu.com\/es\/wp-json\/wp\/v2\/comments?post=5256"}],"version-history":[{"count":2,"href":"https:\/\/vidaandinaperu.com\/es\/wp-json\/wp\/v2\/product\/5256\/revisions"}],"predecessor-version":[{"id":36963,"href":"https:\/\/vidaandinaperu.com\/es\/wp-json\/wp\/v2\/product\/5256\/revisions\/36963"}],"wp:featuredmedia":[{"embeddable":true,"href":"https:\/\/vidaandinaperu.com\/es\/wp-json\/wp\/v2\/media\/5367"}],"wp:attachment":[{"href":"https:\/\/vidaandinaperu.com\/es\/wp-json\/wp\/v2\/media?parent=5256"}],"wp:term":[{"taxonomy":"brand","embeddable":true,"href":"https:\/\/vidaandinaperu.com\/es\/wp-json\/wp\/v2\/etheme_brands?post=5256"},{"taxonomy":"product_brand","embeddable":true,"href":"https:\/\/vidaandinaperu.com\/es\/wp-json\/wp\/v2\/product_brand?post=5256"},{"taxonomy":"product_cat","embeddable":true,"href":"https:\/\/vidaandinaperu.com\/es\/wp-json\/wp\/v2\/product_cat?post=5256"},{"taxonomy":"product_tag","embeddable":true,"href":"https:\/\/vidaandinaperu.com\/es\/wp-json\/wp\/v2\/product_tag?post=5256"}],"curies":[{"name":"wp","href":"https:\/\/api.w.org\/{rel}","templated":true}]}}