{"id":14334,"date":"2023-04-13T23:38:16","date_gmt":"2023-04-13T23:38:16","guid":{"rendered":"https:\/\/vidaandina.com\/?post_type=product&#038;p=14334"},"modified":"2024-03-30T22:11:58","modified_gmt":"2024-03-30T22:11:58","slug":"panela-granulada-gatti","status":"publish","type":"product","link":"https:\/\/vidaandinaperu.com\/es\/productos\/panela-granulada-gatti\/","title":{"rendered":"Panela granulada 1kg &#8211; Gatti"},"content":{"rendered":"<p>La panela por su proceso de elaboraci\u00f3n es considerada la az\u00facar m\u00e1s natural, es ideal para endulzar tus recetas y bebidas favoritas, sus principales componentes son la sacarosa, glucosa y fructuosa en peque\u00f1a cantidad. Contiene 5 veces m\u00e1s minerales que el az\u00facar rubia y 50 veces m\u00e1s minerales que la az\u00facar blanca.<\/p>\n<h4>Ingredientes:<\/h4>\n<p>Jugo de ca\u00f1a.<\/p>\n<h4>Beneficios:<\/h4>\n<ul>\n<li>Contiene gran cantidad de vitamina A, vitaminas B, C, D y E, calcio, hierro, potasio, f\u00f3sforo, magnesio, cobre, zinc y magnesio.<\/li>\n<li>Se recomienda consumir para prevenir problemas de osteoporosis y caries.<\/li>\n<li>Por su contenido de hierro ayuda a combatir la anemia.<\/li>\n<li>Aporta energ\u00eda natural al organismo.<\/li>\n<li>Fortalece el sistema inmunol\u00f3gico.<\/li>\n<\/ul>\n","protected":false},"excerpt":{"rendered":"<p>La panela por su proceso de elaboraci\u00f3n es considerada la az\u00facar m\u00e1s natural, es ideal para endulzar tus recetas y bebidas favoritas, sus principales componentes&#8230;<\/p>\n","protected":false},"featured_media":14335,"comment_status":"open","ping_status":"closed","template":"","meta":{"inline_featured_image":false,"_joinchat":[]},"etheme_brands":[],"product_brand":[],"product_cat":[15],"product_tag":[],"class_list":{"0":"post-14334","1":"product","2":"type-product","3":"status-publish","4":"has-post-thumbnail","6":"product_cat-lacteos-vegetales","8":"first","9":"instock","10":"taxable","11":"shipping-taxable","12":"purchasable","13":"product-type-simple"},"acf":[],"_links":{"self":[{"href":"https:\/\/vidaandinaperu.com\/es\/wp-json\/wp\/v2\/product\/14334","targetHints":{"allow":["GET"]}}],"collection":[{"href":"https:\/\/vidaandinaperu.com\/es\/wp-json\/wp\/v2\/product"}],"about":[{"href":"https:\/\/vidaandinaperu.com\/es\/wp-json\/wp\/v2\/types\/product"}],"replies":[{"embeddable":true,"href":"https:\/\/vidaandinaperu.com\/es\/wp-json\/wp\/v2\/comments?post=14334"}],"version-history":[{"count":1,"href":"https:\/\/vidaandinaperu.com\/es\/wp-json\/wp\/v2\/product\/14334\/revisions"}],"predecessor-version":[{"id":14337,"href":"https:\/\/vidaandinaperu.com\/es\/wp-json\/wp\/v2\/product\/14334\/revisions\/14337"}],"wp:featuredmedia":[{"embeddable":true,"href":"https:\/\/vidaandinaperu.com\/es\/wp-json\/wp\/v2\/media\/14335"}],"wp:attachment":[{"href":"https:\/\/vidaandinaperu.com\/es\/wp-json\/wp\/v2\/media?parent=14334"}],"wp:term":[{"taxonomy":"brand","embeddable":true,"href":"https:\/\/vidaandinaperu.com\/es\/wp-json\/wp\/v2\/etheme_brands?post=14334"},{"taxonomy":"product_brand","embeddable":true,"href":"https:\/\/vidaandinaperu.com\/es\/wp-json\/wp\/v2\/product_brand?post=14334"},{"taxonomy":"product_cat","embeddable":true,"href":"https:\/\/vidaandinaperu.com\/es\/wp-json\/wp\/v2\/product_cat?post=14334"},{"taxonomy":"product_tag","embeddable":true,"href":"https:\/\/vidaandinaperu.com\/es\/wp-json\/wp\/v2\/product_tag?post=14334"}],"curies":[{"name":"wp","href":"https:\/\/api.w.org\/{rel}","templated":true}]}}